{"id":76,"date":"2021-11-27T19:44:07","date_gmt":"2021-11-27T19:44:07","guid":{"rendered":"http:\/\/slavicvalley.pl\/?page_id=76"},"modified":"2021-11-27T20:56:55","modified_gmt":"2021-11-27T20:56:55","slug":"aqua-blue-slavic-valley","status":"publish","type":"page","link":"http:\/\/slavicvalley.pl\/?page_id=76","title":{"rendered":"AQUA BLUE Slavic Valley"},"content":{"rendered":"\n<div class=\"wp-block-media-text alignwide has-media-on-the-right is-stacked-on-mobile\"><figure class=\"wp-block-media-text__media\"><img loading=\"lazy\" width=\"1024\" height=\"768\" src=\"http:\/\/slavicvalley.pl\/wp-content\/uploads\/2021\/11\/P1030695-2-1024x768.jpg\" alt=\"\" class=\"wp-image-120\" srcset=\"http:\/\/slavicvalley.pl\/wp-content\/uploads\/2021\/11\/P1030695-2-1024x768.jpg 1024w, http:\/\/slavicvalley.pl\/wp-content\/uploads\/2021\/11\/P1030695-2-300x225.jpg 300w, http:\/\/slavicvalley.pl\/wp-content\/uploads\/2021\/11\/P1030695-2-768x576.jpg 768w, http:\/\/slavicvalley.pl\/wp-content\/uploads\/2021\/11\/P1030695-2-1536x1152.jpg 1536w, http:\/\/slavicvalley.pl\/wp-content\/uploads\/2021\/11\/P1030695-2-2048x1536.jpg 2048w\" sizes=\"(max-width: 1024px) 100vw, 1024px\" \/><\/figure><div class=\"wp-block-media-text__content\">\n<p style=\"font-size:26px\">Aqua to suczka urodzona 9.04.2021 w naszej hodowli. Bardzo m\u0105dra jak przysta\u0142o na bordery. Kocha zabawki, pi\u0142ki, szarpaki &#8211; za nie zrobi wszystko. Szybko \u0142apie nowe komendy oraz ca\u0142y czas trzyma si\u0119 blisko nas. W domu umie odpoczywa\u0107, wycisza si\u0119. Ma bardzo spokojny charakter. Kiedy podro\u015bnie, b\u0119dziemy sprawdza\u0107 j\u0105 przy pasieniu. <\/p>\n<\/div><\/div>\n\n\n\n<figure class=\"wp-block-gallery columns-3 is-cropped\"><ul class=\"blocks-gallery-grid\"><li class=\"blocks-gallery-item\"><figure><img loading=\"lazy\" width=\"1024\" height=\"768\" src=\"http:\/\/slavicvalley.pl\/wp-content\/uploads\/2021\/11\/IMG-20210418-WA0000-1024x768.jpg\" alt=\"\" data-id=\"122\" data-link=\"http:\/\/slavicvalley.pl\/?attachment_id=122\" class=\"wp-image-122\" srcset=\"http:\/\/slavicvalley.pl\/wp-content\/uploads\/2021\/11\/IMG-20210418-WA0000-1024x768.jpg 1024w, http:\/\/slavicvalley.pl\/wp-content\/uploads\/2021\/11\/IMG-20210418-WA0000-300x225.jpg 300w, http:\/\/slavicvalley.pl\/wp-content\/uploads\/2021\/11\/IMG-20210418-WA0000-768x576.jpg 768w, http:\/\/slavicvalley.pl\/wp-content\/uploads\/2021\/11\/IMG-20210418-WA0000-1536x1152.jpg 1536w, http:\/\/slavicvalley.pl\/wp-content\/uploads\/2021\/11\/IMG-20210418-WA0000.jpg 1600w\" sizes=\"(max-width: 1024px) 100vw, 1024px\" \/><\/figure><\/li><li class=\"blocks-gallery-item\"><figure><img loading=\"lazy\" width=\"768\" height=\"1024\" src=\"http:\/\/slavicvalley.pl\/wp-content\/uploads\/2021\/11\/IMG_20210503_001638-1-768x1024.jpg\" alt=\"\" data-id=\"124\" data-link=\"http:\/\/slavicvalley.pl\/?attachment_id=124\" class=\"wp-image-124\" srcset=\"http:\/\/slavicvalley.pl\/wp-content\/uploads\/2021\/11\/IMG_20210503_001638-1-768x1024.jpg 768w, http:\/\/slavicvalley.pl\/wp-content\/uploads\/2021\/11\/IMG_20210503_001638-1-225x300.jpg 225w, http:\/\/slavicvalley.pl\/wp-content\/uploads\/2021\/11\/IMG_20210503_001638-1-1152x1536.jpg 1152w, http:\/\/slavicvalley.pl\/wp-content\/uploads\/2021\/11\/IMG_20210503_001638-1-1536x2048.jpg 1536w, http:\/\/slavicvalley.pl\/wp-content\/uploads\/2021\/11\/IMG_20210503_001638-1-scaled.jpg 1920w\" sizes=\"(max-width: 768px) 100vw, 768px\" \/><\/figure><\/li><li class=\"blocks-gallery-item\"><figure><img loading=\"lazy\" width=\"768\" height=\"1024\" src=\"http:\/\/slavicvalley.pl\/wp-content\/uploads\/2021\/11\/IMG-20210516-WA0009-768x1024.jpg\" alt=\"\" data-id=\"125\" data-link=\"http:\/\/slavicvalley.pl\/?attachment_id=125\" class=\"wp-image-125\" srcset=\"http:\/\/slavicvalley.pl\/wp-content\/uploads\/2021\/11\/IMG-20210516-WA0009-768x1024.jpg 768w, http:\/\/slavicvalley.pl\/wp-content\/uploads\/2021\/11\/IMG-20210516-WA0009-225x300.jpg 225w, http:\/\/slavicvalley.pl\/wp-content\/uploads\/2021\/11\/IMG-20210516-WA0009-1152x1536.jpg 1152w, http:\/\/slavicvalley.pl\/wp-content\/uploads\/2021\/11\/IMG-20210516-WA0009.jpg 1200w\" sizes=\"(max-width: 768px) 100vw, 768px\" \/><\/figure><\/li><li class=\"blocks-gallery-item\"><figure><img loading=\"lazy\" width=\"1024\" height=\"768\" src=\"http:\/\/slavicvalley.pl\/wp-content\/uploads\/2021\/11\/IMG_20210524_140417-1024x768.jpg\" alt=\"\" data-id=\"127\" data-link=\"http:\/\/slavicvalley.pl\/?attachment_id=127\" class=\"wp-image-127\" srcset=\"http:\/\/slavicvalley.pl\/wp-content\/uploads\/2021\/11\/IMG_20210524_140417-1024x768.jpg 1024w, http:\/\/slavicvalley.pl\/wp-content\/uploads\/2021\/11\/IMG_20210524_140417-300x225.jpg 300w, http:\/\/slavicvalley.pl\/wp-content\/uploads\/2021\/11\/IMG_20210524_140417-768x576.jpg 768w, http:\/\/slavicvalley.pl\/wp-content\/uploads\/2021\/11\/IMG_20210524_140417-1536x1152.jpg 1536w, http:\/\/slavicvalley.pl\/wp-content\/uploads\/2021\/11\/IMG_20210524_140417-2048x1536.jpg 2048w\" sizes=\"(max-width: 1024px) 100vw, 1024px\" \/><\/figure><\/li><li class=\"blocks-gallery-item\"><figure><img loading=\"lazy\" width=\"1024\" height=\"768\" src=\"http:\/\/slavicvalley.pl\/wp-content\/uploads\/2021\/11\/IMG_20210627_221412-1024x768.jpg\" alt=\"\" data-id=\"128\" data-link=\"http:\/\/slavicvalley.pl\/?attachment_id=128\" class=\"wp-image-128\" srcset=\"http:\/\/slavicvalley.pl\/wp-content\/uploads\/2021\/11\/IMG_20210627_221412-1024x768.jpg 1024w, http:\/\/slavicvalley.pl\/wp-content\/uploads\/2021\/11\/IMG_20210627_221412-300x225.jpg 300w, http:\/\/slavicvalley.pl\/wp-content\/uploads\/2021\/11\/IMG_20210627_221412-768x576.jpg 768w, http:\/\/slavicvalley.pl\/wp-content\/uploads\/2021\/11\/IMG_20210627_221412-1536x1152.jpg 1536w, http:\/\/slavicvalley.pl\/wp-content\/uploads\/2021\/11\/IMG_20210627_221412-2048x1536.jpg 2048w\" sizes=\"(max-width: 1024px) 100vw, 1024px\" \/><\/figure><\/li><li class=\"blocks-gallery-item\"><figure><img loading=\"lazy\" width=\"1024\" height=\"768\" src=\"http:\/\/slavicvalley.pl\/wp-content\/uploads\/2021\/11\/IMG_20210628_132231-1024x768.jpg\" alt=\"\" data-id=\"129\" data-link=\"http:\/\/slavicvalley.pl\/?attachment_id=129\" class=\"wp-image-129\" srcset=\"http:\/\/slavicvalley.pl\/wp-content\/uploads\/2021\/11\/IMG_20210628_132231-1024x768.jpg 1024w, http:\/\/slavicvalley.pl\/wp-content\/uploads\/2021\/11\/IMG_20210628_132231-300x225.jpg 300w, http:\/\/slavicvalley.pl\/wp-content\/uploads\/2021\/11\/IMG_20210628_132231-768x576.jpg 768w, http:\/\/slavicvalley.pl\/wp-content\/uploads\/2021\/11\/IMG_20210628_132231-1536x1152.jpg 1536w, http:\/\/slavicvalley.pl\/wp-content\/uploads\/2021\/11\/IMG_20210628_132231-2048x1536.jpg 2048w\" sizes=\"(max-width: 1024px) 100vw, 1024px\" \/><\/figure><\/li><li class=\"blocks-gallery-item\"><figure><img loading=\"lazy\" width=\"1024\" height=\"768\" src=\"http:\/\/slavicvalley.pl\/wp-content\/uploads\/2021\/11\/IMG_20210727_103346-1024x768.jpg\" alt=\"\" data-id=\"130\" data-link=\"http:\/\/slavicvalley.pl\/?attachment_id=130\" class=\"wp-image-130\" srcset=\"http:\/\/slavicvalley.pl\/wp-content\/uploads\/2021\/11\/IMG_20210727_103346-1024x768.jpg 1024w, http:\/\/slavicvalley.pl\/wp-content\/uploads\/2021\/11\/IMG_20210727_103346-300x225.jpg 300w, http:\/\/slavicvalley.pl\/wp-content\/uploads\/2021\/11\/IMG_20210727_103346-768x576.jpg 768w, http:\/\/slavicvalley.pl\/wp-content\/uploads\/2021\/11\/IMG_20210727_103346-1536x1152.jpg 1536w, http:\/\/slavicvalley.pl\/wp-content\/uploads\/2021\/11\/IMG_20210727_103346-2048x1536.jpg 2048w\" sizes=\"(max-width: 1024px) 100vw, 1024px\" \/><\/figure><\/li><li class=\"blocks-gallery-item\"><figure><img loading=\"lazy\" width=\"1024\" height=\"768\" src=\"http:\/\/slavicvalley.pl\/wp-content\/uploads\/2021\/11\/P1030642-2-1024x768.jpg\" alt=\"\" data-id=\"131\" data-link=\"http:\/\/slavicvalley.pl\/?attachment_id=131\" class=\"wp-image-131\" srcset=\"http:\/\/slavicvalley.pl\/wp-content\/uploads\/2021\/11\/P1030642-2-1024x768.jpg 1024w, http:\/\/slavicvalley.pl\/wp-content\/uploads\/2021\/11\/P1030642-2-300x225.jpg 300w, http:\/\/slavicvalley.pl\/wp-content\/uploads\/2021\/11\/P1030642-2-768x576.jpg 768w, http:\/\/slavicvalley.pl\/wp-content\/uploads\/2021\/11\/P1030642-2-1536x1152.jpg 1536w, http:\/\/slavicvalley.pl\/wp-content\/uploads\/2021\/11\/P1030642-2-2048x1536.jpg 2048w\" sizes=\"(max-width: 1024px) 100vw, 1024px\" \/><\/figure><\/li><li class=\"blocks-gallery-item\"><figure><img loading=\"lazy\" width=\"1024\" height=\"768\" src=\"http:\/\/slavicvalley.pl\/wp-content\/uploads\/2021\/11\/IMG_20210709_133608-1024x768.jpg\" alt=\"\" data-id=\"134\" data-link=\"http:\/\/slavicvalley.pl\/?attachment_id=134\" class=\"wp-image-134\" srcset=\"http:\/\/slavicvalley.pl\/wp-content\/uploads\/2021\/11\/IMG_20210709_133608-1024x768.jpg 1024w, http:\/\/slavicvalley.pl\/wp-content\/uploads\/2021\/11\/IMG_20210709_133608-300x225.jpg 300w, http:\/\/slavicvalley.pl\/wp-content\/uploads\/2021\/11\/IMG_20210709_133608-768x576.jpg 768w, http:\/\/slavicvalley.pl\/wp-content\/uploads\/2021\/11\/IMG_20210709_133608-1536x1152.jpg 1536w, http:\/\/slavicvalley.pl\/wp-content\/uploads\/2021\/11\/IMG_20210709_133608-2048x1536.jpg 2048w\" sizes=\"(max-width: 1024px) 100vw, 1024px\" \/><\/figure><\/li><li class=\"blocks-gallery-item\"><figure><img loading=\"lazy\" width=\"1024\" height=\"768\" src=\"http:\/\/slavicvalley.pl\/wp-content\/uploads\/2021\/11\/P1030685-2-1024x768.jpg\" alt=\"\" data-id=\"135\" data-full-url=\"http:\/\/slavicvalley.pl\/wp-content\/uploads\/2021\/11\/P1030685-2-scaled.jpg\" data-link=\"http:\/\/slavicvalley.pl\/?attachment_id=135\" class=\"wp-image-135\" srcset=\"http:\/\/slavicvalley.pl\/wp-content\/uploads\/2021\/11\/P1030685-2-1024x768.jpg 1024w, http:\/\/slavicvalley.pl\/wp-content\/uploads\/2021\/11\/P1030685-2-300x225.jpg 300w, http:\/\/slavicvalley.pl\/wp-content\/uploads\/2021\/11\/P1030685-2-768x576.jpg 768w, http:\/\/slavicvalley.pl\/wp-content\/uploads\/2021\/11\/P1030685-2-1536x1152.jpg 1536w, http:\/\/slavicvalley.pl\/wp-content\/uploads\/2021\/11\/P1030685-2-2048x1536.jpg 2048w\" sizes=\"(max-width: 1024px) 100vw, 1024px\" \/><\/figure><\/li><\/ul><\/figure>\n","protected":false},"excerpt":{"rendered":"<p>Aqua to suczka urodzona 9.04.2021 w naszej hodowli. Bardzo m\u0105dra jak przysta\u0142o na bordery. Kocha zabawki, pi\u0142ki, szarpaki &#8211; za<\/p>\n","protected":false},"author":1,"featured_media":0,"parent":0,"menu_order":0,"comment_status":"closed","ping_status":"closed","template":"","meta":[],"_links":{"self":[{"href":"http:\/\/slavicvalley.pl\/index.php?rest_route=\/wp\/v2\/pages\/76"}],"collection":[{"href":"http:\/\/slavicvalley.pl\/index.php?rest_route=\/wp\/v2\/pages"}],"about":[{"href":"http:\/\/slavicvalley.pl\/index.php?rest_route=\/wp\/v2\/types\/page"}],"author":[{"embeddable":true,"href":"http:\/\/slavicvalley.pl\/index.php?rest_route=\/wp\/v2\/users\/1"}],"replies":[{"embeddable":true,"href":"http:\/\/slavicvalley.pl\/index.php?rest_route=%2Fwp%2Fv2%2Fcomments&post=76"}],"version-history":[{"count":4,"href":"http:\/\/slavicvalley.pl\/index.php?rest_route=\/wp\/v2\/pages\/76\/revisions"}],"predecessor-version":[{"id":139,"href":"http:\/\/slavicvalley.pl\/index.php?rest_route=\/wp\/v2\/pages\/76\/revisions\/139"}],"wp:attachment":[{"href":"http:\/\/slavicvalley.pl\/index.php?rest_route=%2Fwp%2Fv2%2Fmedia&parent=76"}],"curies":[{"name":"wp","href":"https:\/\/api.w.org\/{rel}","templated":true}]}}