{"id":7,"date":"2020-11-11T10:42:50","date_gmt":"2020-11-11T10:42:50","guid":{"rendered":"http:\/\/slavicvalley.pl\/?page_id=7"},"modified":"2021-11-27T20:48:45","modified_gmt":"2021-11-27T20:48:45","slug":"o-nas","status":"publish","type":"page","link":"http:\/\/slavicvalley.pl\/?page_id=7","title":{"rendered":"O nas"},"content":{"rendered":"\n<div class=\"wp-block-media-text alignwide has-media-on-the-right is-stacked-on-mobile is-image-fill\"><figure class=\"wp-block-media-text__media\" style=\"background-image:url(http:\/\/slavicvalley.pl\/wp-content\/uploads\/2021\/11\/AiL-940x1024.jpg);background-position:49% 50%\"><img loading=\"lazy\" width=\"940\" height=\"1024\" src=\"http:\/\/slavicvalley.pl\/wp-content\/uploads\/2021\/11\/AiL-940x1024.jpg\" alt=\"\" class=\"wp-image-87\" srcset=\"http:\/\/slavicvalley.pl\/wp-content\/uploads\/2021\/11\/AiL-940x1024.jpg 940w, http:\/\/slavicvalley.pl\/wp-content\/uploads\/2021\/11\/AiL-275x300.jpg 275w, http:\/\/slavicvalley.pl\/wp-content\/uploads\/2021\/11\/AiL-768x836.jpg 768w, http:\/\/slavicvalley.pl\/wp-content\/uploads\/2021\/11\/AiL-1411x1536.jpg 1411w, http:\/\/slavicvalley.pl\/wp-content\/uploads\/2021\/11\/AiL.jpg 1844w\" sizes=\"(max-width: 940px) 100vw, 940px\" \/><\/figure><div class=\"wp-block-media-text__content\">\n<p style=\"font-size:22px\">Slavic Valley FCI to domowa hodowla po\u0142o\u017cona na terenie Szamotu\u0142. Psy od zawsze go\u015bci\u0142y w naszych domach, dlatego i teraz nie mog\u0142o by\u0107 inaczej. Do naszego ma\u0142ego stada nale\u017c\u0105 suczki Lara i Aqua oraz kilka kurek. Nasza hodowla dzia\u0142a od 2019 roku. Mimo, \u017ce dzia\u0142amy dopiero od niedawna, nie wyobra\u017camy sobie naszego domu bez Border Collie. Kiedy pojawi\u0142a si\u0119 u nas pierwsza suczka &#8211; Lara, stali\u015bmy si\u0119 mi\u0142o\u015bnikami tej rasy. Jeste\u015bmy cz\u0142onkami Zwi\u0105zku Kynologicznego w Polsce i FCI. <\/p>\n<\/div><\/div>\n\n\n\n<p><\/p>\n","protected":false},"excerpt":{"rendered":"<p>Slavic Valley FCI to domowa hodowla po\u0142o\u017cona na terenie Szamotu\u0142. Psy od zawsze go\u015bci\u0142y w naszych domach, dlatego i teraz<\/p>\n","protected":false},"author":1,"featured_media":0,"parent":0,"menu_order":0,"comment_status":"closed","ping_status":"closed","template":"","meta":[],"_links":{"self":[{"href":"http:\/\/slavicvalley.pl\/index.php?rest_route=\/wp\/v2\/pages\/7"}],"collection":[{"href":"http:\/\/slavicvalley.pl\/index.php?rest_route=\/wp\/v2\/pages"}],"about":[{"href":"http:\/\/slavicvalley.pl\/index.php?rest_route=\/wp\/v2\/types\/page"}],"author":[{"embeddable":true,"href":"http:\/\/slavicvalley.pl\/index.php?rest_route=\/wp\/v2\/users\/1"}],"replies":[{"embeddable":true,"href":"http:\/\/slavicvalley.pl\/index.php?rest_route=%2Fwp%2Fv2%2Fcomments&post=7"}],"version-history":[{"count":4,"href":"http:\/\/slavicvalley.pl\/index.php?rest_route=\/wp\/v2\/pages\/7\/revisions"}],"predecessor-version":[{"id":89,"href":"http:\/\/slavicvalley.pl\/index.php?rest_route=\/wp\/v2\/pages\/7\/revisions\/89"}],"wp:attachment":[{"href":"http:\/\/slavicvalley.pl\/index.php?rest_route=%2Fwp%2Fv2%2Fmedia&parent=7"}],"curies":[{"name":"wp","href":"https:\/\/api.w.org\/{rel}","templated":true}]}}