{"id":2,"date":"2020-11-10T18:37:39","date_gmt":"2020-11-10T18:37:39","guid":{"rendered":"http:\/\/slavicvalley.pl\/?page_id=2"},"modified":"2022-05-30T21:06:17","modified_gmt":"2022-05-30T21:06:17","slug":"sample-page","status":"publish","type":"page","link":"http:\/\/slavicvalley.pl\/?page_id=2","title":{"rendered":"LARA Karnelis"},"content":{"rendered":"\n<div class=\"wp-block-media-text alignwide has-media-on-the-right is-stacked-on-mobile\"><figure class=\"wp-block-media-text__media\"><img loading=\"lazy\" width=\"1024\" height=\"768\" src=\"http:\/\/slavicvalley.pl\/wp-content\/uploads\/2021\/11\/larao-1024x768.jpg\" alt=\"\" class=\"wp-image-90\" srcset=\"http:\/\/slavicvalley.pl\/wp-content\/uploads\/2021\/11\/larao-1024x768.jpg 1024w, http:\/\/slavicvalley.pl\/wp-content\/uploads\/2021\/11\/larao-300x225.jpg 300w, http:\/\/slavicvalley.pl\/wp-content\/uploads\/2021\/11\/larao-768x576.jpg 768w, http:\/\/slavicvalley.pl\/wp-content\/uploads\/2021\/11\/larao-1536x1152.jpg 1536w, http:\/\/slavicvalley.pl\/wp-content\/uploads\/2021\/11\/larao.jpg 2000w\" sizes=\"(max-width: 1024px) 100vw, 1024px\" \/><\/figure><div class=\"wp-block-media-text__content\">\n<p style=\"font-size:27px\">Lara urodzi\u0142a si\u0119 8.02.2019r. w hodowli Karnelis. Od samego pocz\u0105tku by\u0142a bardzo poj\u0119tn\u0105 suczk\u0105 &#8211; szybko uczy\u0142a si\u0119 nowych komend i sztuczek. Na codzie\u0144 jest bardzo towarzyska i wci\u0105\u017c pod\u0105\u017ca za cz\u0142owiekiem. Uwielbia zabawy szarpakiem i d\u0142ugie spacerki. Larka lubi wykonywa\u0107 polecenia przewodnika, a za dobre smaczki zrobi wszystko. Doskonale oceniana na wystawach. Je\u015bli chodzi o sporty, pr\u00f3bujemy si\u0142 w pasieniu oraz agility. <\/p>\n<\/div><\/div>\n\n\n\n<figure class=\"wp-block-gallery columns-3 is-cropped\"><ul class=\"blocks-gallery-grid\"><li class=\"blocks-gallery-item\"><figure><img loading=\"lazy\" width=\"670\" height=\"446\" src=\"http:\/\/slavicvalley.pl\/wp-content\/uploads\/2021\/11\/imgp6716.jpg\" alt=\"\" data-id=\"91\" data-link=\"http:\/\/slavicvalley.pl\/?attachment_id=91\" class=\"wp-image-91\" srcset=\"http:\/\/slavicvalley.pl\/wp-content\/uploads\/2021\/11\/imgp6716.jpg 670w, http:\/\/slavicvalley.pl\/wp-content\/uploads\/2021\/11\/imgp6716-300x200.jpg 300w\" sizes=\"(max-width: 670px) 100vw, 670px\" \/><\/figure><\/li><li class=\"blocks-gallery-item\"><figure><img loading=\"lazy\" width=\"670\" height=\"446\" src=\"http:\/\/slavicvalley.pl\/wp-content\/uploads\/2021\/11\/imgp6850.jpg\" alt=\"\" data-id=\"92\" data-link=\"http:\/\/slavicvalley.pl\/?attachment_id=92\" class=\"wp-image-92\" srcset=\"http:\/\/slavicvalley.pl\/wp-content\/uploads\/2021\/11\/imgp6850.jpg 670w, http:\/\/slavicvalley.pl\/wp-content\/uploads\/2021\/11\/imgp6850-300x200.jpg 300w\" sizes=\"(max-width: 670px) 100vw, 670px\" \/><\/figure><\/li><li class=\"blocks-gallery-item\"><figure><img loading=\"lazy\" width=\"670\" height=\"446\" src=\"http:\/\/slavicvalley.pl\/wp-content\/uploads\/2021\/11\/imgp7085-1.jpg\" alt=\"\" data-id=\"93\" data-link=\"http:\/\/slavicvalley.pl\/?attachment_id=93\" class=\"wp-image-93\" srcset=\"http:\/\/slavicvalley.pl\/wp-content\/uploads\/2021\/11\/imgp7085-1.jpg 670w, http:\/\/slavicvalley.pl\/wp-content\/uploads\/2021\/11\/imgp7085-1-300x200.jpg 300w\" sizes=\"(max-width: 670px) 100vw, 670px\" \/><\/figure><\/li><li class=\"blocks-gallery-item\"><figure><img loading=\"lazy\" width=\"670\" height=\"446\" src=\"http:\/\/slavicvalley.pl\/wp-content\/uploads\/2021\/11\/imgp7294.jpg\" alt=\"\" data-id=\"94\" data-link=\"http:\/\/slavicvalley.pl\/?attachment_id=94\" class=\"wp-image-94\" srcset=\"http:\/\/slavicvalley.pl\/wp-content\/uploads\/2021\/11\/imgp7294.jpg 670w, http:\/\/slavicvalley.pl\/wp-content\/uploads\/2021\/11\/imgp7294-300x200.jpg 300w\" sizes=\"(max-width: 670px) 100vw, 670px\" \/><\/figure><\/li><li class=\"blocks-gallery-item\"><figure><img loading=\"lazy\" width=\"768\" height=\"1024\" src=\"http:\/\/slavicvalley.pl\/wp-content\/uploads\/2021\/11\/IMG_20190527_202516-768x1024.jpg\" alt=\"\" data-id=\"99\" data-link=\"http:\/\/slavicvalley.pl\/?attachment_id=99\" class=\"wp-image-99\" srcset=\"http:\/\/slavicvalley.pl\/wp-content\/uploads\/2021\/11\/IMG_20190527_202516-768x1024.jpg 768w, http:\/\/slavicvalley.pl\/wp-content\/uploads\/2021\/11\/IMG_20190527_202516-225x300.jpg 225w, http:\/\/slavicvalley.pl\/wp-content\/uploads\/2021\/11\/IMG_20190527_202516-1152x1536.jpg 1152w, http:\/\/slavicvalley.pl\/wp-content\/uploads\/2021\/11\/IMG_20190527_202516-1536x2048.jpg 1536w, http:\/\/slavicvalley.pl\/wp-content\/uploads\/2021\/11\/IMG_20190527_202516-scaled.jpg 1920w\" sizes=\"(max-width: 768px) 100vw, 768px\" \/><\/figure><\/li><li class=\"blocks-gallery-item\"><figure><img loading=\"lazy\" width=\"768\" height=\"1024\" src=\"http:\/\/slavicvalley.pl\/wp-content\/uploads\/2021\/11\/IMG_20200826_122929-768x1024.jpg\" alt=\"\" data-id=\"101\" data-link=\"http:\/\/slavicvalley.pl\/?attachment_id=101\" class=\"wp-image-101\" srcset=\"http:\/\/slavicvalley.pl\/wp-content\/uploads\/2021\/11\/IMG_20200826_122929-768x1024.jpg 768w, http:\/\/slavicvalley.pl\/wp-content\/uploads\/2021\/11\/IMG_20200826_122929-225x300.jpg 225w, http:\/\/slavicvalley.pl\/wp-content\/uploads\/2021\/11\/IMG_20200826_122929-1152x1536.jpg 1152w, http:\/\/slavicvalley.pl\/wp-content\/uploads\/2021\/11\/IMG_20200826_122929-1536x2048.jpg 1536w, http:\/\/slavicvalley.pl\/wp-content\/uploads\/2021\/11\/IMG_20200826_122929-scaled.jpg 1920w\" sizes=\"(max-width: 768px) 100vw, 768px\" \/><\/figure><\/li><li class=\"blocks-gallery-item\"><figure><img loading=\"lazy\" width=\"1024\" height=\"576\" src=\"http:\/\/slavicvalley.pl\/wp-content\/uploads\/2021\/11\/20200524_174824-2-1024x576.jpg\" alt=\"\" data-id=\"103\" data-link=\"http:\/\/slavicvalley.pl\/?attachment_id=103\" class=\"wp-image-103\" srcset=\"http:\/\/slavicvalley.pl\/wp-content\/uploads\/2021\/11\/20200524_174824-2-1024x576.jpg 1024w, http:\/\/slavicvalley.pl\/wp-content\/uploads\/2021\/11\/20200524_174824-2-300x169.jpg 300w, http:\/\/slavicvalley.pl\/wp-content\/uploads\/2021\/11\/20200524_174824-2-768x432.jpg 768w, http:\/\/slavicvalley.pl\/wp-content\/uploads\/2021\/11\/20200524_174824-2-1536x864.jpg 1536w, http:\/\/slavicvalley.pl\/wp-content\/uploads\/2021\/11\/20200524_174824-2-2048x1152.jpg 2048w\" sizes=\"(max-width: 1024px) 100vw, 1024px\" \/><\/figure><\/li><li class=\"blocks-gallery-item\"><figure><img loading=\"lazy\" width=\"1024\" height=\"576\" src=\"http:\/\/slavicvalley.pl\/wp-content\/uploads\/2021\/11\/20200913_113853-1-1024x576.jpg\" alt=\"\" data-id=\"107\" data-link=\"http:\/\/slavicvalley.pl\/?attachment_id=107\" class=\"wp-image-107\" srcset=\"http:\/\/slavicvalley.pl\/wp-content\/uploads\/2021\/11\/20200913_113853-1-1024x576.jpg 1024w, http:\/\/slavicvalley.pl\/wp-content\/uploads\/2021\/11\/20200913_113853-1-300x169.jpg 300w, http:\/\/slavicvalley.pl\/wp-content\/uploads\/2021\/11\/20200913_113853-1-768x432.jpg 768w, http:\/\/slavicvalley.pl\/wp-content\/uploads\/2021\/11\/20200913_113853-1-1536x864.jpg 1536w, http:\/\/slavicvalley.pl\/wp-content\/uploads\/2021\/11\/20200913_113853-1-2048x1152.jpg 2048w\" sizes=\"(max-width: 1024px) 100vw, 1024px\" \/><\/figure><\/li><li class=\"blocks-gallery-item\"><figure><img loading=\"lazy\" width=\"1024\" height=\"683\" src=\"http:\/\/slavicvalley.pl\/wp-content\/uploads\/2021\/11\/20200823_142720-1024x683.jpg\" alt=\"\" data-id=\"108\" data-link=\"http:\/\/slavicvalley.pl\/?attachment_id=108\" class=\"wp-image-108\" srcset=\"http:\/\/slavicvalley.pl\/wp-content\/uploads\/2021\/11\/20200823_142720-1024x683.jpg 1024w, http:\/\/slavicvalley.pl\/wp-content\/uploads\/2021\/11\/20200823_142720-300x200.jpg 300w, http:\/\/slavicvalley.pl\/wp-content\/uploads\/2021\/11\/20200823_142720-768x512.jpg 768w, http:\/\/slavicvalley.pl\/wp-content\/uploads\/2021\/11\/20200823_142720-1536x1024.jpg 1536w, http:\/\/slavicvalley.pl\/wp-content\/uploads\/2021\/11\/20200823_142720-2048x1365.jpg 2048w\" sizes=\"(max-width: 1024px) 100vw, 1024px\" \/><\/figure><\/li><li class=\"blocks-gallery-item\"><figure><img loading=\"lazy\" width=\"1024\" height=\"768\" src=\"http:\/\/slavicvalley.pl\/wp-content\/uploads\/2021\/11\/IMG_8412-2-1024x768.jpg\" alt=\"\" data-id=\"110\" data-link=\"http:\/\/slavicvalley.pl\/?attachment_id=110\" class=\"wp-image-110\" srcset=\"http:\/\/slavicvalley.pl\/wp-content\/uploads\/2021\/11\/IMG_8412-2-1024x768.jpg 1024w, http:\/\/slavicvalley.pl\/wp-content\/uploads\/2021\/11\/IMG_8412-2-300x225.jpg 300w, http:\/\/slavicvalley.pl\/wp-content\/uploads\/2021\/11\/IMG_8412-2-768x576.jpg 768w, http:\/\/slavicvalley.pl\/wp-content\/uploads\/2021\/11\/IMG_8412-2-1536x1152.jpg 1536w, http:\/\/slavicvalley.pl\/wp-content\/uploads\/2021\/11\/IMG_8412-2-2048x1536.jpg 2048w\" sizes=\"(max-width: 1024px) 100vw, 1024px\" \/><\/figure><\/li><li class=\"blocks-gallery-item\"><figure><img loading=\"lazy\" width=\"1024\" height=\"768\" src=\"http:\/\/slavicvalley.pl\/wp-content\/uploads\/2021\/11\/IMG_8397-1024x768.jpg\" alt=\"\" data-id=\"111\" data-link=\"http:\/\/slavicvalley.pl\/?attachment_id=111\" class=\"wp-image-111\" srcset=\"http:\/\/slavicvalley.pl\/wp-content\/uploads\/2021\/11\/IMG_8397-1024x768.jpg 1024w, http:\/\/slavicvalley.pl\/wp-content\/uploads\/2021\/11\/IMG_8397-300x225.jpg 300w, http:\/\/slavicvalley.pl\/wp-content\/uploads\/2021\/11\/IMG_8397-768x576.jpg 768w, http:\/\/slavicvalley.pl\/wp-content\/uploads\/2021\/11\/IMG_8397-1536x1152.jpg 1536w, http:\/\/slavicvalley.pl\/wp-content\/uploads\/2021\/11\/IMG_8397-2048x1536.jpg 2048w\" sizes=\"(max-width: 1024px) 100vw, 1024px\" \/><\/figure><\/li><li class=\"blocks-gallery-item\"><figure><img loading=\"lazy\" width=\"1024\" height=\"768\" src=\"http:\/\/slavicvalley.pl\/wp-content\/uploads\/2021\/11\/IMG_8343-2-1024x768.jpg\" alt=\"\" data-id=\"115\" data-link=\"http:\/\/slavicvalley.pl\/?attachment_id=115\" class=\"wp-image-115\" srcset=\"http:\/\/slavicvalley.pl\/wp-content\/uploads\/2021\/11\/IMG_8343-2-1024x768.jpg 1024w, http:\/\/slavicvalley.pl\/wp-content\/uploads\/2021\/11\/IMG_8343-2-300x225.jpg 300w, http:\/\/slavicvalley.pl\/wp-content\/uploads\/2021\/11\/IMG_8343-2-768x576.jpg 768w, http:\/\/slavicvalley.pl\/wp-content\/uploads\/2021\/11\/IMG_8343-2-1536x1152.jpg 1536w, http:\/\/slavicvalley.pl\/wp-content\/uploads\/2021\/11\/IMG_8343-2-2048x1536.jpg 2048w\" sizes=\"(max-width: 1024px) 100vw, 1024px\" \/><\/figure><\/li><li class=\"blocks-gallery-item\"><figure><img loading=\"lazy\" width=\"1024\" height=\"768\" src=\"http:\/\/slavicvalley.pl\/wp-content\/uploads\/2021\/11\/IMG_8164-4-1024x768.jpg\" alt=\"\" data-id=\"116\" data-full-url=\"http:\/\/slavicvalley.pl\/wp-content\/uploads\/2021\/11\/IMG_8164-4-scaled.jpg\" data-link=\"http:\/\/slavicvalley.pl\/?attachment_id=116\" class=\"wp-image-116\" srcset=\"http:\/\/slavicvalley.pl\/wp-content\/uploads\/2021\/11\/IMG_8164-4-1024x768.jpg 1024w, http:\/\/slavicvalley.pl\/wp-content\/uploads\/2021\/11\/IMG_8164-4-300x225.jpg 300w, http:\/\/slavicvalley.pl\/wp-content\/uploads\/2021\/11\/IMG_8164-4-768x576.jpg 768w, http:\/\/slavicvalley.pl\/wp-content\/uploads\/2021\/11\/IMG_8164-4-1536x1152.jpg 1536w, http:\/\/slavicvalley.pl\/wp-content\/uploads\/2021\/11\/IMG_8164-4-2048x1536.jpg 2048w\" sizes=\"(max-width: 1024px) 100vw, 1024px\" \/><\/figure><\/li><\/ul><\/figure>\n","protected":false},"excerpt":{"rendered":"<p>Lara urodzi\u0142a si\u0119 8.02.2019r. w hodowli Karnelis. Od samego pocz\u0105tku by\u0142a bardzo poj\u0119tn\u0105 suczk\u0105 &#8211; szybko uczy\u0142a si\u0119 nowych komend<\/p>\n","protected":false},"author":1,"featured_media":0,"parent":0,"menu_order":0,"comment_status":"closed","ping_status":"open","template":"","meta":[],"_links":{"self":[{"href":"http:\/\/slavicvalley.pl\/index.php?rest_route=\/wp\/v2\/pages\/2"}],"collection":[{"href":"http:\/\/slavicvalley.pl\/index.php?rest_route=\/wp\/v2\/pages"}],"about":[{"href":"http:\/\/slavicvalley.pl\/index.php?rest_route=\/wp\/v2\/types\/page"}],"author":[{"embeddable":true,"href":"http:\/\/slavicvalley.pl\/index.php?rest_route=\/wp\/v2\/users\/1"}],"replies":[{"embeddable":true,"href":"http:\/\/slavicvalley.pl\/index.php?rest_route=%2Fwp%2Fv2%2Fcomments&post=2"}],"version-history":[{"count":5,"href":"http:\/\/slavicvalley.pl\/index.php?rest_route=\/wp\/v2\/pages\/2\/revisions"}],"predecessor-version":[{"id":240,"href":"http:\/\/slavicvalley.pl\/index.php?rest_route=\/wp\/v2\/pages\/2\/revisions\/240"}],"wp:attachment":[{"href":"http:\/\/slavicvalley.pl\/index.php?rest_route=%2Fwp%2Fv2%2Fmedia&parent=2"}],"curies":[{"name":"wp","href":"https:\/\/api.w.org\/{rel}","templated":true}]}}